
{"id":1331,"date":"2011-05-13T10:41:48","date_gmt":"2011-05-13T13:41:48","guid":{"rendered":"http:\/\/www.talsoft.com.ar\/?page_id=1331"},"modified":"2014-02-18T14:08:23","modified_gmt":"2014-02-18T17:08:23","slug":"security-advisories","status":"publish","type":"page","link":"https:\/\/www.talsoft-security.com\/site\/research\/security-advisories\/","title":{"rendered":"Security Advisories"},"content":{"rendered":"<p>The Security Advisories here are publicly available for the community.<\/p>\n<ul>\n<li>2011:\n<ul>\n<li><a title=\"WordPress User ID and User Name Disclosure\" href=\"https:\/\/www.talsoft-security.com\/site\/research\/security-advisories\/wordpress-user-id-and-user-name-disclosure\/\" rel=\"bookmark\">WordPress User ID and User Name Disclosure<\/a><\/li>\n<\/ul>\n<\/li>\n<\/ul>\n<p>&nbsp;<\/p>\n<p>&nbsp;<\/p>\n","protected":false},"excerpt":{"rendered":"<p>The Security Advisories here are publicly available for the community. 2011: WordPress User ID and User Name Disclosure &nbsp; &nbsp;<\/p>\n","protected":false},"author":3,"featured_media":0,"parent":1104,"menu_order":0,"comment_status":"closed","ping_status":"closed","template":"","meta":{"_et_pb_use_builder":"","_et_pb_old_content":"","_et_gb_content_width":"","footnotes":""},"class_list":["post-1331","page","type-page","status-publish","hentry"],"yoast_head":"<!-- This site is optimized with the Yoast SEO plugin v26.6 - https:\/\/yoast.com\/wordpress\/plugins\/seo\/ -->\n<title>TalSoft - Seguridad Inform\u00e1tica Empresarial - Security Advisories<\/title>\n<meta name=\"description\" content=\"Talsoft transforma la visi\u00f3n de las empresas para que puedan proteger su informaci\u00f3n cr\u00edtica y confidencial frente ataques inform\u00e1ticos. Cons\u00faltenos sin cargo.\" \/>\n<meta name=\"robots\" content=\"index, follow, max-snippet:-1, max-image-preview:large, max-video-preview:-1\" \/>\n<link rel=\"canonical\" href=\"https:\/\/www.talsoft-security.com\/site\/research\/security-advisories\/\" \/>\n<script type=\"application\/ld+json\" class=\"yoast-schema-graph\">{\"@context\":\"https:\/\/schema.org\",\"@graph\":[{\"@type\":\"WebPage\",\"@id\":\"https:\/\/www.talsoft-security.com\/site\/research\/security-advisories\/\",\"url\":\"https:\/\/www.talsoft-security.com\/site\/research\/security-advisories\/\",\"name\":\"TalSoft - Seguridad Inform\u00e1tica Empresarial - Security Advisories\",\"isPartOf\":{\"@id\":\"https:\/\/www.talsoft-security.com\/site\/#website\"},\"datePublished\":\"2011-05-13T13:41:48+00:00\",\"dateModified\":\"2014-02-18T17:08:23+00:00\",\"description\":\"Talsoft transforma la visi\u00f3n de las empresas para que puedan proteger su informaci\u00f3n cr\u00edtica y confidencial frente ataques inform\u00e1ticos. Cons\u00faltenos sin cargo.\",\"breadcrumb\":{\"@id\":\"https:\/\/www.talsoft-security.com\/site\/research\/security-advisories\/#breadcrumb\"},\"inLanguage\":\"en-GB\",\"potentialAction\":[{\"@type\":\"ReadAction\",\"target\":[\"https:\/\/www.talsoft-security.com\/site\/research\/security-advisories\/\"]}]},{\"@type\":\"BreadcrumbList\",\"@id\":\"https:\/\/www.talsoft-security.com\/site\/research\/security-advisories\/#breadcrumb\",\"itemListElement\":[{\"@type\":\"ListItem\",\"position\":1,\"name\":\"Research\",\"item\":\"https:\/\/www.talsoft-security.com\/site\/research\/\"},{\"@type\":\"ListItem\",\"position\":2,\"name\":\"Security Advisories\"}]},{\"@type\":\"WebSite\",\"@id\":\"https:\/\/www.talsoft-security.com\/site\/#website\",\"url\":\"https:\/\/www.talsoft-security.com\/site\/\",\"name\":\"TalSoft TS - Services IT Security\",\"description\":\"Talsoft is transforming awareness, control and decision-making power so that companies can protect their critical and confidential information from computer attacks.\",\"publisher\":{\"@id\":\"https:\/\/www.talsoft-security.com\/site\/#organization\"},\"potentialAction\":[{\"@type\":\"SearchAction\",\"target\":{\"@type\":\"EntryPoint\",\"urlTemplate\":\"https:\/\/www.talsoft-security.com\/site\/?s={search_term_string}\"},\"query-input\":{\"@type\":\"PropertyValueSpecification\",\"valueRequired\":true,\"valueName\":\"search_term_string\"}}],\"inLanguage\":\"en-GB\"},{\"@type\":\"Organization\",\"@id\":\"https:\/\/www.talsoft-security.com\/site\/#organization\",\"name\":\"Talsoft TS\",\"url\":\"https:\/\/www.talsoft-security.com\/site\/\",\"logo\":{\"@type\":\"ImageObject\",\"inLanguage\":\"en-GB\",\"@id\":\"https:\/\/www.talsoft-security.com\/site\/#\/schema\/logo\/image\/\",\"url\":\"https:\/\/www.talsoft-security.com\/site\/wp-content\/uploads\/2014\/02\/talsoft_logo_270x125.png\",\"contentUrl\":\"https:\/\/www.talsoft-security.com\/site\/wp-content\/uploads\/2014\/02\/talsoft_logo_270x125.png\",\"width\":270,\"height\":125,\"caption\":\"Talsoft TS\"},\"image\":{\"@id\":\"https:\/\/www.talsoft-security.com\/site\/#\/schema\/logo\/image\/\"},\"sameAs\":[\"http:\/\/www.facebook.com\/talsoftsrl\",\"https:\/\/x.com\/talsoft\"]}]}<\/script>\n<!-- \/ Yoast SEO plugin. -->","yoast_head_json":{"title":"TalSoft - Seguridad Inform\u00e1tica Empresarial - Security Advisories","description":"Talsoft transforma la visi\u00f3n de las empresas para que puedan proteger su informaci\u00f3n cr\u00edtica y confidencial frente ataques inform\u00e1ticos. Cons\u00faltenos sin cargo.","robots":{"index":"index","follow":"follow","max-snippet":"max-snippet:-1","max-image-preview":"max-image-preview:large","max-video-preview":"max-video-preview:-1"},"canonical":"https:\/\/www.talsoft-security.com\/site\/research\/security-advisories\/","schema":{"@context":"https:\/\/schema.org","@graph":[{"@type":"WebPage","@id":"https:\/\/www.talsoft-security.com\/site\/research\/security-advisories\/","url":"https:\/\/www.talsoft-security.com\/site\/research\/security-advisories\/","name":"TalSoft - Seguridad Inform\u00e1tica Empresarial - Security Advisories","isPartOf":{"@id":"https:\/\/www.talsoft-security.com\/site\/#website"},"datePublished":"2011-05-13T13:41:48+00:00","dateModified":"2014-02-18T17:08:23+00:00","description":"Talsoft transforma la visi\u00f3n de las empresas para que puedan proteger su informaci\u00f3n cr\u00edtica y confidencial frente ataques inform\u00e1ticos. Cons\u00faltenos sin cargo.","breadcrumb":{"@id":"https:\/\/www.talsoft-security.com\/site\/research\/security-advisories\/#breadcrumb"},"inLanguage":"en-GB","potentialAction":[{"@type":"ReadAction","target":["https:\/\/www.talsoft-security.com\/site\/research\/security-advisories\/"]}]},{"@type":"BreadcrumbList","@id":"https:\/\/www.talsoft-security.com\/site\/research\/security-advisories\/#breadcrumb","itemListElement":[{"@type":"ListItem","position":1,"name":"Research","item":"https:\/\/www.talsoft-security.com\/site\/research\/"},{"@type":"ListItem","position":2,"name":"Security Advisories"}]},{"@type":"WebSite","@id":"https:\/\/www.talsoft-security.com\/site\/#website","url":"https:\/\/www.talsoft-security.com\/site\/","name":"TalSoft TS - Services IT Security","description":"Talsoft is transforming awareness, control and decision-making power so that companies can protect their critical and confidential information from computer attacks.","publisher":{"@id":"https:\/\/www.talsoft-security.com\/site\/#organization"},"potentialAction":[{"@type":"SearchAction","target":{"@type":"EntryPoint","urlTemplate":"https:\/\/www.talsoft-security.com\/site\/?s={search_term_string}"},"query-input":{"@type":"PropertyValueSpecification","valueRequired":true,"valueName":"search_term_string"}}],"inLanguage":"en-GB"},{"@type":"Organization","@id":"https:\/\/www.talsoft-security.com\/site\/#organization","name":"Talsoft TS","url":"https:\/\/www.talsoft-security.com\/site\/","logo":{"@type":"ImageObject","inLanguage":"en-GB","@id":"https:\/\/www.talsoft-security.com\/site\/#\/schema\/logo\/image\/","url":"https:\/\/www.talsoft-security.com\/site\/wp-content\/uploads\/2014\/02\/talsoft_logo_270x125.png","contentUrl":"https:\/\/www.talsoft-security.com\/site\/wp-content\/uploads\/2014\/02\/talsoft_logo_270x125.png","width":270,"height":125,"caption":"Talsoft TS"},"image":{"@id":"https:\/\/www.talsoft-security.com\/site\/#\/schema\/logo\/image\/"},"sameAs":["http:\/\/www.facebook.com\/talsoftsrl","https:\/\/x.com\/talsoft"]}]}},"_links":{"self":[{"href":"https:\/\/www.talsoft-security.com\/site\/wp-json\/wp\/v2\/pages\/1331","targetHints":{"allow":["GET"]}}],"collection":[{"href":"https:\/\/www.talsoft-security.com\/site\/wp-json\/wp\/v2\/pages"}],"about":[{"href":"https:\/\/www.talsoft-security.com\/site\/wp-json\/wp\/v2\/types\/page"}],"author":[{"embeddable":true,"href":"https:\/\/www.talsoft-security.com\/site\/wp-json\/wp\/v2\/users\/3"}],"replies":[{"embeddable":true,"href":"https:\/\/www.talsoft-security.com\/site\/wp-json\/wp\/v2\/comments?post=1331"}],"version-history":[{"count":8,"href":"https:\/\/www.talsoft-security.com\/site\/wp-json\/wp\/v2\/pages\/1331\/revisions"}],"predecessor-version":[{"id":2358,"href":"https:\/\/www.talsoft-security.com\/site\/wp-json\/wp\/v2\/pages\/1331\/revisions\/2358"}],"up":[{"embeddable":true,"href":"https:\/\/www.talsoft-security.com\/site\/wp-json\/wp\/v2\/pages\/1104"}],"wp:attachment":[{"href":"https:\/\/www.talsoft-security.com\/site\/wp-json\/wp\/v2\/media?parent=1331"}],"curies":[{"name":"wp","href":"https:\/\/api.w.org\/{rel}","templated":true}]}}