
{"id":1523,"date":"2011-09-13T20:53:56","date_gmt":"2011-09-13T23:53:56","guid":{"rendered":"http:\/\/www.talsoft.com.ar\/?page_id=1523"},"modified":"2017-04-17T12:07:33","modified_gmt":"2017-04-17T15:07:33","slug":"charla-de-concientizacion-en-seguridad-informatica","status":"publish","type":"page","link":"https:\/\/www.talsoft-security.com\/site\/servicios\/cursos-y-capacitacion\/charla-de-concientizacion-en-seguridad-informatica\/","title":{"rendered":"Charla de Concientizaci\u00f3n en Seguridad Inform\u00e1tica"},"content":{"rendered":"<h1 style=\"text-align: justify;\">Introducci\u00f3n<\/h1>\n<p style=\"text-align: justify;\">Esta charla esta orientada a empresas que comienzan a utilizar Internet como parte de su negocio y actividad comercial, ventas y compras on-line, redes wifi, correo electr\u00f3nico para su negocio y comienzan a crecer tecnol\u00f3gicamente.<br \/>\nHoy en d\u00eda la Seguridad Inform\u00e1tica es un \u00e1rea cada vez m\u00e1s importante e indispensable para las empresas.<br \/>\nNosotros le ofrecemos esta charla informativa para los empleados, para que conozcan las amenazas, los riesgos y como proteger su negocio ante fraudes inform\u00e1ticos, p\u00e9rdida de informaci\u00f3n vital, robo de datos, ataques externos, phishing, malware, problemas de spam, botnets y diversas amenazas que pueden ocasionar la p\u00e9rdida de dinero de su empresa.<\/p>\n<h2>Objetivos<\/h2>\n<ul>\n<li>Conocer los problemas actuales que enfrenta una empresa utilizando tecnolog\u00edas.<\/li>\n<li>Conocer los riesgos asociados a la seguridad inform\u00e1tica.<\/li>\n<li>Conocer como reducir costos.<\/li>\n<\/ul>\n<p>[tw_button icon=&#8221;&#8221; link=&#8221;https:\/\/www.talsoft-security.com\/site\/obtener-una-cotizacion\/&#8221; size=&#8221;medium&#8221; rounded=&#8221;true&#8221; style=&#8221;flat&#8221; hover=&#8221;default&#8221; color=&#8221;#f01d1d&#8221; target=&#8221;_blank&#8221;]Obtener una cotizaci\u00f3n[\/tw_button]<\/p>\n<h2>Temario<\/h2>\n<ol>\n<li><span style=\"font-family: Open Sans,sans-serif;\">Introducci\u00f3n a la seguridad<\/span>\n<ol>\n<li><span style=\"font-family: Open Sans,sans-serif;\">Que es la Seguridad<\/span><\/li>\n<li><span style=\"font-family: Open Sans,sans-serif;\">Que debemos Proteger<\/span><\/li>\n<li><span style=\"font-family: Open Sans,sans-serif;\">Actualidad<\/span><\/li>\n<\/ol>\n<\/li>\n<li><span style=\"font-family: Open Sans,sans-serif;\">Amenazas <\/span>\n<ol>\n<li><span style=\"font-family: Open Sans,sans-serif;\">Phishing<\/span>\n<ol>\n<li><span style=\"font-family: Open Sans,sans-serif;\">Ingenier\u00eda Social y sitios falsos<\/span><\/li>\n<li><span style=\"font-family: Open Sans,sans-serif;\">Correos maliciosos<\/span><\/li>\n<li><span style=\"font-family: Open Sans,sans-serif;\">Demostraci\u00f3n<\/span><\/li>\n<li><span style=\"font-family: Open Sans,sans-serif;\">SMS maliciosos<\/span><\/li>\n<\/ol>\n<\/li>\n<li><span style=\"font-family: Open Sans,sans-serif;\">Ransomware<\/span>\n<ol>\n<li><span style=\"font-family: Open Sans,sans-serif;\">Tipos de ransomware<\/span><\/li>\n<li><span style=\"font-family: Open Sans,sans-serif;\">Demostraci\u00f3n de infecci\u00f3n<\/span><\/li>\n<li><span style=\"font-family: Open Sans,sans-serif;\">Recomendaciones de protecci\u00f3n<\/span><\/li>\n<\/ol>\n<\/li>\n<li><span style=\"font-family: Open Sans,sans-serif;\">Intrusiones <\/span><span style=\"font-family: Open Sans,sans-serif;\">cibern\u00e9ticas<\/span>\n<ol>\n<li><span style=\"font-family: Open Sans,sans-serif;\">Tipos de amenazas <\/span><span style=\"font-family: Open Sans,sans-serif;\">externas e internas<\/span><\/li>\n<li><span style=\"font-family: Open Sans,sans-serif;\">Recomendaciones de protecci\u00f3n<\/span><\/li>\n<\/ol>\n<\/li>\n<li><span style=\"font-family: Open Sans,sans-serif;\">Redes Sociales<\/span>\n<ol>\n<li><span style=\"font-family: Open Sans,sans-serif;\">Robo de identidad<\/span><\/li>\n<li><span style=\"font-family: Open Sans,sans-serif;\">Amenazas dirigidas<\/span><\/li>\n<\/ol>\n<\/li>\n<\/ol>\n<\/li>\n<li><span style=\"font-family: Open Sans,sans-serif;\">Pol\u00edticas de seguridad<\/span>\n<ol>\n<li><span style=\"font-family: Open Sans,sans-serif;\">Que son las pol\u00edticas y para que sirven<\/span><\/li>\n<li><span style=\"font-family: Open Sans,sans-serif;\">Pol\u00edticas de seguridad<\/span><\/li>\n<li><span style=\"font-family: Open Sans,sans-serif;\">Pol\u00edticas de Claves<\/span><\/li>\n<li><span style=\"font-family: Open Sans,sans-serif;\">Recomendaciones y mejores pr\u00e1cticas<\/span><\/li>\n<\/ol>\n<\/li>\n<\/ol>\n<h2 style=\"text-align: justify;\">Entregables<\/h2>\n<p>Los entregables incluyen:<\/p>\n<ul>\n<li>Presentaci\u00f3n del curso en formato digital.<\/li>\n<\/ul>\n<p>&nbsp;<\/p>\n<h2 style=\"text-align: justify;\">Informaci\u00f3n adicional<\/h2>\n<p>La capacitaci\u00f3n se llevar\u00e1 a cabo en lugar onsite o a definir.<\/p>\n<p>Las formas de pago disponibles son: Efectivo, Transferencia Bancaria, Cheque.<\/p>\n<p>[tw_button icon=&#8221;&#8221; link=&#8221;https:\/\/www.talsoft-security.com\/site\/obtener-una-cotizacion\/&#8221; size=&#8221;medium&#8221; rounded=&#8221;true&#8221; style=&#8221;flat&#8221; hover=&#8221;default&#8221; color=&#8221;#f01d1d&#8221; target=&#8221;_blank&#8221;]Obtener una cotizaci\u00f3n[\/tw_button]<\/p>\n<p>&nbsp;<\/p>\n","protected":false},"excerpt":{"rendered":"<p>Introducci\u00f3n Esta charla esta orientada a empresas que comienzan a utilizar Internet como parte de su negocio y actividad comercial, ventas y compras on-line, redes wifi, correo electr\u00f3nico para su negocio y comienzan a crecer tecnol\u00f3gicamente. Hoy en d\u00eda la Seguridad Inform\u00e1tica es un \u00e1rea cada vez m\u00e1s importante e indispensable para las empresas. Nosotros [&hellip;]<\/p>\n","protected":false},"author":3,"featured_media":0,"parent":1108,"menu_order":2,"comment_status":"closed","ping_status":"closed","template":"","meta":{"_et_pb_use_builder":"","_et_pb_old_content":"","_et_gb_content_width":"","footnotes":""},"class_list":["post-1523","page","type-page","status-publish","hentry"],"yoast_head":"<!-- This site is optimized with the Yoast SEO plugin v26.6 - https:\/\/yoast.com\/wordpress\/plugins\/seo\/ -->\n<title>TalSoft - Seguridad Inform\u00e1tica Empresarial - Charla de Concientizaci\u00f3n en Seguridad Inform\u00e1tica<\/title>\n<meta name=\"description\" content=\"Talsoft transforma la visi\u00f3n de las empresas para que puedan proteger su informaci\u00f3n cr\u00edtica y confidencial frente ataques inform\u00e1ticos. Cons\u00faltenos sin cargo.\" \/>\n<meta name=\"robots\" content=\"index, follow, max-snippet:-1, max-image-preview:large, max-video-preview:-1\" \/>\n<link rel=\"canonical\" href=\"https:\/\/www.talsoft-security.com\/site\/servicios\/cursos-y-capacitacion\/charla-de-concientizacion-en-seguridad-informatica\/\" \/>\n<meta name=\"twitter:label1\" content=\"Estimated reading time\" \/>\n\t<meta name=\"twitter:data1\" content=\"2 minutes\" \/>\n<script type=\"application\/ld+json\" class=\"yoast-schema-graph\">{\"@context\":\"https:\/\/schema.org\",\"@graph\":[{\"@type\":\"WebPage\",\"@id\":\"https:\/\/www.talsoft-security.com\/site\/servicios\/cursos-y-capacitacion\/charla-de-concientizacion-en-seguridad-informatica\/\",\"url\":\"https:\/\/www.talsoft-security.com\/site\/servicios\/cursos-y-capacitacion\/charla-de-concientizacion-en-seguridad-informatica\/\",\"name\":\"TalSoft - Seguridad Inform\u00e1tica Empresarial - Charla de Concientizaci\u00f3n en Seguridad Inform\u00e1tica\",\"isPartOf\":{\"@id\":\"https:\/\/www.talsoft-security.com\/site\/#website\"},\"datePublished\":\"2011-09-13T23:53:56+00:00\",\"dateModified\":\"2017-04-17T15:07:33+00:00\",\"description\":\"Talsoft transforma la visi\u00f3n de las empresas para que puedan proteger su informaci\u00f3n cr\u00edtica y confidencial frente ataques inform\u00e1ticos. Cons\u00faltenos sin cargo.\",\"breadcrumb\":{\"@id\":\"https:\/\/www.talsoft-security.com\/site\/servicios\/cursos-y-capacitacion\/charla-de-concientizacion-en-seguridad-informatica\/#breadcrumb\"},\"inLanguage\":\"en-GB\",\"potentialAction\":[{\"@type\":\"ReadAction\",\"target\":[\"https:\/\/www.talsoft-security.com\/site\/servicios\/cursos-y-capacitacion\/charla-de-concientizacion-en-seguridad-informatica\/\"]}]},{\"@type\":\"BreadcrumbList\",\"@id\":\"https:\/\/www.talsoft-security.com\/site\/servicios\/cursos-y-capacitacion\/charla-de-concientizacion-en-seguridad-informatica\/#breadcrumb\",\"itemListElement\":[{\"@type\":\"ListItem\",\"position\":1,\"name\":\"Servicios\",\"item\":\"https:\/\/www.talsoft-security.com\/site\/servicios\/\"},{\"@type\":\"ListItem\",\"position\":2,\"name\":\"Capacitaci\u00f3n\",\"item\":\"https:\/\/www.talsoft-security.com\/site\/servicios\/cursos-y-capacitacion\/\"},{\"@type\":\"ListItem\",\"position\":3,\"name\":\"Charla de Concientizaci\u00f3n en Seguridad Inform\u00e1tica\"}]},{\"@type\":\"WebSite\",\"@id\":\"https:\/\/www.talsoft-security.com\/site\/#website\",\"url\":\"https:\/\/www.talsoft-security.com\/site\/\",\"name\":\"TalSoft TS - Services IT Security\",\"description\":\"Talsoft is transforming awareness, control and decision-making power so that companies can protect their critical and confidential information from computer attacks.\",\"publisher\":{\"@id\":\"https:\/\/www.talsoft-security.com\/site\/#organization\"},\"potentialAction\":[{\"@type\":\"SearchAction\",\"target\":{\"@type\":\"EntryPoint\",\"urlTemplate\":\"https:\/\/www.talsoft-security.com\/site\/?s={search_term_string}\"},\"query-input\":{\"@type\":\"PropertyValueSpecification\",\"valueRequired\":true,\"valueName\":\"search_term_string\"}}],\"inLanguage\":\"en-GB\"},{\"@type\":\"Organization\",\"@id\":\"https:\/\/www.talsoft-security.com\/site\/#organization\",\"name\":\"Talsoft TS\",\"url\":\"https:\/\/www.talsoft-security.com\/site\/\",\"logo\":{\"@type\":\"ImageObject\",\"inLanguage\":\"en-GB\",\"@id\":\"https:\/\/www.talsoft-security.com\/site\/#\/schema\/logo\/image\/\",\"url\":\"https:\/\/www.talsoft-security.com\/site\/wp-content\/uploads\/2014\/02\/talsoft_logo_270x125.png\",\"contentUrl\":\"https:\/\/www.talsoft-security.com\/site\/wp-content\/uploads\/2014\/02\/talsoft_logo_270x125.png\",\"width\":270,\"height\":125,\"caption\":\"Talsoft TS\"},\"image\":{\"@id\":\"https:\/\/www.talsoft-security.com\/site\/#\/schema\/logo\/image\/\"},\"sameAs\":[\"http:\/\/www.facebook.com\/talsoftsrl\",\"https:\/\/x.com\/talsoft\"]}]}<\/script>\n<!-- \/ Yoast SEO plugin. -->","yoast_head_json":{"title":"TalSoft - Seguridad Inform\u00e1tica Empresarial - Charla de Concientizaci\u00f3n en Seguridad Inform\u00e1tica","description":"Talsoft transforma la visi\u00f3n de las empresas para que puedan proteger su informaci\u00f3n cr\u00edtica y confidencial frente ataques inform\u00e1ticos. Cons\u00faltenos sin cargo.","robots":{"index":"index","follow":"follow","max-snippet":"max-snippet:-1","max-image-preview":"max-image-preview:large","max-video-preview":"max-video-preview:-1"},"canonical":"https:\/\/www.talsoft-security.com\/site\/servicios\/cursos-y-capacitacion\/charla-de-concientizacion-en-seguridad-informatica\/","twitter_misc":{"Estimated reading time":"2 minutes"},"schema":{"@context":"https:\/\/schema.org","@graph":[{"@type":"WebPage","@id":"https:\/\/www.talsoft-security.com\/site\/servicios\/cursos-y-capacitacion\/charla-de-concientizacion-en-seguridad-informatica\/","url":"https:\/\/www.talsoft-security.com\/site\/servicios\/cursos-y-capacitacion\/charla-de-concientizacion-en-seguridad-informatica\/","name":"TalSoft - Seguridad Inform\u00e1tica Empresarial - Charla de Concientizaci\u00f3n en Seguridad Inform\u00e1tica","isPartOf":{"@id":"https:\/\/www.talsoft-security.com\/site\/#website"},"datePublished":"2011-09-13T23:53:56+00:00","dateModified":"2017-04-17T15:07:33+00:00","description":"Talsoft transforma la visi\u00f3n de las empresas para que puedan proteger su informaci\u00f3n cr\u00edtica y confidencial frente ataques inform\u00e1ticos. Cons\u00faltenos sin cargo.","breadcrumb":{"@id":"https:\/\/www.talsoft-security.com\/site\/servicios\/cursos-y-capacitacion\/charla-de-concientizacion-en-seguridad-informatica\/#breadcrumb"},"inLanguage":"en-GB","potentialAction":[{"@type":"ReadAction","target":["https:\/\/www.talsoft-security.com\/site\/servicios\/cursos-y-capacitacion\/charla-de-concientizacion-en-seguridad-informatica\/"]}]},{"@type":"BreadcrumbList","@id":"https:\/\/www.talsoft-security.com\/site\/servicios\/cursos-y-capacitacion\/charla-de-concientizacion-en-seguridad-informatica\/#breadcrumb","itemListElement":[{"@type":"ListItem","position":1,"name":"Servicios","item":"https:\/\/www.talsoft-security.com\/site\/servicios\/"},{"@type":"ListItem","position":2,"name":"Capacitaci\u00f3n","item":"https:\/\/www.talsoft-security.com\/site\/servicios\/cursos-y-capacitacion\/"},{"@type":"ListItem","position":3,"name":"Charla de Concientizaci\u00f3n en Seguridad Inform\u00e1tica"}]},{"@type":"WebSite","@id":"https:\/\/www.talsoft-security.com\/site\/#website","url":"https:\/\/www.talsoft-security.com\/site\/","name":"TalSoft TS - Services IT Security","description":"Talsoft is transforming awareness, control and decision-making power so that companies can protect their critical and confidential information from computer attacks.","publisher":{"@id":"https:\/\/www.talsoft-security.com\/site\/#organization"},"potentialAction":[{"@type":"SearchAction","target":{"@type":"EntryPoint","urlTemplate":"https:\/\/www.talsoft-security.com\/site\/?s={search_term_string}"},"query-input":{"@type":"PropertyValueSpecification","valueRequired":true,"valueName":"search_term_string"}}],"inLanguage":"en-GB"},{"@type":"Organization","@id":"https:\/\/www.talsoft-security.com\/site\/#organization","name":"Talsoft TS","url":"https:\/\/www.talsoft-security.com\/site\/","logo":{"@type":"ImageObject","inLanguage":"en-GB","@id":"https:\/\/www.talsoft-security.com\/site\/#\/schema\/logo\/image\/","url":"https:\/\/www.talsoft-security.com\/site\/wp-content\/uploads\/2014\/02\/talsoft_logo_270x125.png","contentUrl":"https:\/\/www.talsoft-security.com\/site\/wp-content\/uploads\/2014\/02\/talsoft_logo_270x125.png","width":270,"height":125,"caption":"Talsoft TS"},"image":{"@id":"https:\/\/www.talsoft-security.com\/site\/#\/schema\/logo\/image\/"},"sameAs":["http:\/\/www.facebook.com\/talsoftsrl","https:\/\/x.com\/talsoft"]}]}},"_links":{"self":[{"href":"https:\/\/www.talsoft-security.com\/site\/wp-json\/wp\/v2\/pages\/1523","targetHints":{"allow":["GET"]}}],"collection":[{"href":"https:\/\/www.talsoft-security.com\/site\/wp-json\/wp\/v2\/pages"}],"about":[{"href":"https:\/\/www.talsoft-security.com\/site\/wp-json\/wp\/v2\/types\/page"}],"author":[{"embeddable":true,"href":"https:\/\/www.talsoft-security.com\/site\/wp-json\/wp\/v2\/users\/3"}],"replies":[{"embeddable":true,"href":"https:\/\/www.talsoft-security.com\/site\/wp-json\/wp\/v2\/comments?post=1523"}],"version-history":[{"count":10,"href":"https:\/\/www.talsoft-security.com\/site\/wp-json\/wp\/v2\/pages\/1523\/revisions"}],"predecessor-version":[{"id":3775,"href":"https:\/\/www.talsoft-security.com\/site\/wp-json\/wp\/v2\/pages\/1523\/revisions\/3775"}],"up":[{"embeddable":true,"href":"https:\/\/www.talsoft-security.com\/site\/wp-json\/wp\/v2\/pages\/1108"}],"wp:attachment":[{"href":"https:\/\/www.talsoft-security.com\/site\/wp-json\/wp\/v2\/media?parent=1523"}],"curies":[{"name":"wp","href":"https:\/\/api.w.org\/{rel}","templated":true}]}}