
{"id":4245,"date":"2017-10-02T12:53:28","date_gmt":"2017-10-02T15:53:28","guid":{"rendered":"https:\/\/www.talsoft-security.com\/site\/?page_id=4245"},"modified":"2017-10-24T16:39:12","modified_gmt":"2017-10-24T19:39:12","slug":"auditoria-seguridad-sin-costo","status":"publish","type":"page","link":"https:\/\/www.talsoft-security.com\/site\/auditoria-seguridad-sin-costo\/","title":{"rendered":"Auditor\u00eda de Seguridad &#8211; Sin Costo"},"content":{"rendered":"<h1 style=\"text-align: center;\"><em>Conozca las amenazas cibern\u00e9ticas que pueden afectar la continuidad a su negocio<\/em><\/h1>\n<p><img loading=\"lazy\" decoding=\"async\" class=\"aligncenter wp-image-4374 size-full\" src=\"https:\/\/www.talsoft-security.com\/site\/wp-content\/uploads\/2017\/10\/imageFinal6.png\" alt=\"\" width=\"949\" height=\"443\" srcset=\"https:\/\/www.talsoft-security.com\/site\/wp-content\/uploads\/2017\/10\/imageFinal6.png 949w, https:\/\/www.talsoft-security.com\/site\/wp-content\/uploads\/2017\/10\/imageFinal6-300x140.png 300w, https:\/\/www.talsoft-security.com\/site\/wp-content\/uploads\/2017\/10\/imageFinal6-400x187.png 400w, https:\/\/www.talsoft-security.com\/site\/wp-content\/uploads\/2017\/10\/imageFinal6-768x359.png 768w, https:\/\/www.talsoft-security.com\/site\/wp-content\/uploads\/2017\/10\/imageFinal6-260x121.png 260w\" sizes=\"auto, (max-width: 949px) 100vw, 949px\" \/><\/p>\n\n\t\t\t<div class=\"ccf-form-wrapper form-id-4256\" data-form-id=\"4256\">\n\t\t\t\t<form  class=\"ccf-form ccf-theme-light\" method=\"post\" action=\"?v=1778321349\" data-form-id=\"4256\">\n\n\t\t\t\t\t\n\t\t\t\t\t\n\t\t\t\t\t\n\t\t<div data-field-type=\"single-line-text\" data-field-slug=\"single-line-text-1\" class=\"form-group  field single-line-text-1 field-type-single-line-text field-4341  field-required\">\n\t\t\t<label class=\"main-label\" for=\"ccf_field_single-line-text-1\">\n\t\t\t\t<span class=\"required\">*<\/span>\t\t\t\t\t\t\t<\/label>\n\t\t\t<input class=\"form-control  field-input\" required aria-required=\"true\" type=\"text\" name=\"ccf_field_single-line-text-1\" id=\"ccf_field_single-line-text-1\" placeholder=\"Nombre y Apellido\" value=\"\">\n\n\t\t\t\n\t\t\t\t\t<\/div>\n\n\t\t\n\t\t<div data-field-type=\"email\" data-field-slug=\"email-2\" class=\"form-group  field email-2 field-type-email field-4342  field-required\">\n\t\t\t<label class=\"main-label\" for=\"ccf_field_email-2\">\n\t\t\t\t<span class=\"required\">*<\/span>\t\t\t\t\t\t\t<\/label>\n\t\t\t\t\t\t\t<input class=\"form-control  field-input\" required aria-required=\"true\" name=\"ccf_field_email-2\" id=\"ccf_field_email-2\"  placeholder=\"Correo Electr\u00f3nico Corporativo\" type=\"text\" value=\"\">\n\t\t\t\t\t\t\t\n\t\t\t\t\t\t\t<div class=\"field-description help-block text-muted\">\n\t\t\t\t\tCorreos electr\u00f3nicos que no sean corporativos ser\u00e1n descartados.\t\t\t\t<\/div>\n\t\t\t\t\t<\/div>\n\n\t\t\n\t\t<div data-phone-format=\"international\" data-field-slug=\"phone-4\" data-field-type=\"phone\" class=\"form-group  field phone-4 field-type-phone field-4343  field-required\">\n\t\t\t<label class=\"main-label\" for=\"ccf_field_phone-4\">\n\t\t\t\t<span class=\"required\">*<\/span>\t\t\t\t\t\t\t<\/label>\n\t\t\t<input class=\"form-control  field-input\" required aria-required=\"true\" type=\"text\" name=\"ccf_field_phone-4\" id=\"ccf_field_phone-4\" placeholder=\"Tel\u00e9fono\" value=\"\">\n\n\t\t\t\n\t\t\t\t\t<\/div>\n\n\t\t\n\t\t<div data-field-type=\"recaptcha\" data-field-slug=\"recaptcha-5\" class=\"form-group  field recaptcha-5 field-type-recaptcha field-4344  \">\n\t\t\t<label class=\"main-label\" for=\"ccf_field_recaptcha-5\">\n\t\t\t\t<span class=\"required\">*<\/span>\n\t\t\t\t\t\t\t<\/label>\n\t\t\t<div class=\"ccf-recaptcha-wrapper\" data-form-id=\"4256\" data-sitekey=\"6LdTxhwTAAAAANRJyed45tOWH5BMmWY6wcx9kUwS\"><\/div>\n\n\t\t\t\n\t\t\t\t\t<\/div>\n\n\t\t\n\t\t\t\t\t<div class=\"form-submit \">\n\t\t\t\t\t\t<input type=\"submit\" class=\"btn btn-primary ccf-submit-button\" value=\"Enviar\">\n\t\t\t\t\t\t<img decoding=\"async\" class=\"loading-img\" src=\"https:\/\/www.talsoft-security.com\/site\/wp-admin\/images\/wpspin_light.gif\">\n\t\t\t\t\t<\/div>\n\n\t\t\t\t\t<script type=\"text\/javascript\">\n\t\t\t\t\twindow.wp = window.wp || {};\n\t\t\t\t\twp.ccf = wp.ccf || {};\n\t\t\t\t\twp.ccf.conditionals = wp.ccf.conditionals || [];\n\t\t\t\t\twp.ccf.conditionals[4256] = [];\n\t\t\t\t\t<\/script>\n\n\t\t\t\t\t<input type=\"hidden\" name=\"form_id\" value=\"4256\">\n\t\t\t\t\t<input type=\"hidden\" name=\"form_page\" value=\"https:\/\/www.talsoft-security.com\/site\/site\/wp-json\/wp\/v2\/pages\/4245\">\n\t\t\t\t\t<input type=\"text\" name=\"my_information\" style=\"display: none;\">\n\t\t\t\t\t<input type=\"hidden\"  name=\"ccf_form\" value=\"1\">\n\t\t\t\t\t<input type=\"hidden\" name=\"form_nonce\" value=\"dfbe32ac23\">\n\t\t\t\t<\/form>\n\n\t\t\t\t<iframe class=\"ccf-form-frame\" id=\"ccf_form_frame_4256\" name=\"ccf_form_frame_4256\"><\/iframe>\n\t\t\t<\/div>\n\n\t\t\t\n<p style=\"text-align: left;\"><strong>Nota<\/strong>: <em>Nos comunicaremos con usted para confirmar y autorizar una auditor\u00eda de seguridad sin costo con alcance limitado. Solo aceptamos correos electr\u00f3nicos corporativos. Correos electr\u00f3nicos como Gmail, Hotmail, etc, ser\u00e1n descartados.<\/em><\/p>\n","protected":false},"excerpt":{"rendered":"<p>Conozca las amenazas cibern\u00e9ticas que pueden afectar la continuidad a su negocio Nota: Nos comunicaremos con usted para confirmar y autorizar una auditor\u00eda de seguridad sin costo con alcance limitado. Solo aceptamos correos electr\u00f3nicos corporativos. Correos electr\u00f3nicos como Gmail, Hotmail, etc, ser\u00e1n descartados.<\/p>\n","protected":false},"author":3,"featured_media":0,"parent":0,"menu_order":0,"comment_status":"closed","ping_status":"closed","template":"","meta":{"_et_pb_use_builder":"","_et_pb_old_content":"","_et_gb_content_width":"","footnotes":""},"class_list":["post-4245","page","type-page","status-publish","hentry"],"yoast_head":"<!-- This site is optimized with the Yoast SEO plugin v26.6 - https:\/\/yoast.com\/wordpress\/plugins\/seo\/ -->\n<title>TalSoft - Seguridad Inform\u00e1tica Empresarial - Auditor\u00eda de Seguridad - Sin Costo<\/title>\n<meta name=\"description\" content=\"Talsoft transforma la visi\u00f3n de las empresas para que puedan proteger su informaci\u00f3n cr\u00edtica y confidencial frente ataques inform\u00e1ticos. Cons\u00faltenos sin cargo.\" \/>\n<meta name=\"robots\" content=\"index, follow, max-snippet:-1, max-image-preview:large, max-video-preview:-1\" \/>\n<link rel=\"canonical\" href=\"https:\/\/www.talsoft-security.com\/site\/auditoria-seguridad-sin-costo\/\" \/>\n<script type=\"application\/ld+json\" class=\"yoast-schema-graph\">{\"@context\":\"https:\/\/schema.org\",\"@graph\":[{\"@type\":\"WebPage\",\"@id\":\"https:\/\/www.talsoft-security.com\/site\/auditoria-seguridad-sin-costo\/\",\"url\":\"https:\/\/www.talsoft-security.com\/site\/auditoria-seguridad-sin-costo\/\",\"name\":\"TalSoft - Seguridad Inform\u00e1tica Empresarial - Auditor\u00eda de Seguridad - Sin Costo\",\"isPartOf\":{\"@id\":\"https:\/\/www.talsoft-security.com\/site\/#website\"},\"primaryImageOfPage\":{\"@id\":\"https:\/\/www.talsoft-security.com\/site\/auditoria-seguridad-sin-costo\/#primaryimage\"},\"image\":{\"@id\":\"https:\/\/www.talsoft-security.com\/site\/auditoria-seguridad-sin-costo\/#primaryimage\"},\"thumbnailUrl\":\"https:\/\/www.talsoft-security.com\/site\/wp-content\/uploads\/2017\/10\/imageFinal6.png\",\"datePublished\":\"2017-10-02T15:53:28+00:00\",\"dateModified\":\"2017-10-24T19:39:12+00:00\",\"description\":\"Talsoft transforma la visi\u00f3n de las empresas para que puedan proteger su informaci\u00f3n cr\u00edtica y confidencial frente ataques inform\u00e1ticos. Cons\u00faltenos sin cargo.\",\"inLanguage\":\"en-GB\",\"potentialAction\":[{\"@type\":\"ReadAction\",\"target\":[\"https:\/\/www.talsoft-security.com\/site\/auditoria-seguridad-sin-costo\/\"]}]},{\"@type\":\"ImageObject\",\"inLanguage\":\"en-GB\",\"@id\":\"https:\/\/www.talsoft-security.com\/site\/auditoria-seguridad-sin-costo\/#primaryimage\",\"url\":\"https:\/\/www.talsoft-security.com\/site\/wp-content\/uploads\/2017\/10\/imageFinal6.png\",\"contentUrl\":\"https:\/\/www.talsoft-security.com\/site\/wp-content\/uploads\/2017\/10\/imageFinal6.png\",\"width\":949,\"height\":443},{\"@type\":\"WebSite\",\"@id\":\"https:\/\/www.talsoft-security.com\/site\/#website\",\"url\":\"https:\/\/www.talsoft-security.com\/site\/\",\"name\":\"TalSoft TS - Services IT Security\",\"description\":\"Talsoft is transforming awareness, control and decision-making power so that companies can protect their critical and confidential information from computer attacks.\",\"publisher\":{\"@id\":\"https:\/\/www.talsoft-security.com\/site\/#organization\"},\"potentialAction\":[{\"@type\":\"SearchAction\",\"target\":{\"@type\":\"EntryPoint\",\"urlTemplate\":\"https:\/\/www.talsoft-security.com\/site\/?s={search_term_string}\"},\"query-input\":{\"@type\":\"PropertyValueSpecification\",\"valueRequired\":true,\"valueName\":\"search_term_string\"}}],\"inLanguage\":\"en-GB\"},{\"@type\":\"Organization\",\"@id\":\"https:\/\/www.talsoft-security.com\/site\/#organization\",\"name\":\"Talsoft TS\",\"url\":\"https:\/\/www.talsoft-security.com\/site\/\",\"logo\":{\"@type\":\"ImageObject\",\"inLanguage\":\"en-GB\",\"@id\":\"https:\/\/www.talsoft-security.com\/site\/#\/schema\/logo\/image\/\",\"url\":\"https:\/\/www.talsoft-security.com\/site\/wp-content\/uploads\/2014\/02\/talsoft_logo_270x125.png\",\"contentUrl\":\"https:\/\/www.talsoft-security.com\/site\/wp-content\/uploads\/2014\/02\/talsoft_logo_270x125.png\",\"width\":270,\"height\":125,\"caption\":\"Talsoft TS\"},\"image\":{\"@id\":\"https:\/\/www.talsoft-security.com\/site\/#\/schema\/logo\/image\/\"},\"sameAs\":[\"http:\/\/www.facebook.com\/talsoftsrl\",\"https:\/\/x.com\/talsoft\"]}]}<\/script>\n<!-- \/ Yoast SEO plugin. -->","yoast_head_json":{"title":"TalSoft - Seguridad Inform\u00e1tica Empresarial - Auditor\u00eda de Seguridad - Sin Costo","description":"Talsoft transforma la visi\u00f3n de las empresas para que puedan proteger su informaci\u00f3n cr\u00edtica y confidencial frente ataques inform\u00e1ticos. Cons\u00faltenos sin cargo.","robots":{"index":"index","follow":"follow","max-snippet":"max-snippet:-1","max-image-preview":"max-image-preview:large","max-video-preview":"max-video-preview:-1"},"canonical":"https:\/\/www.talsoft-security.com\/site\/auditoria-seguridad-sin-costo\/","schema":{"@context":"https:\/\/schema.org","@graph":[{"@type":"WebPage","@id":"https:\/\/www.talsoft-security.com\/site\/auditoria-seguridad-sin-costo\/","url":"https:\/\/www.talsoft-security.com\/site\/auditoria-seguridad-sin-costo\/","name":"TalSoft - Seguridad Inform\u00e1tica Empresarial - Auditor\u00eda de Seguridad - Sin Costo","isPartOf":{"@id":"https:\/\/www.talsoft-security.com\/site\/#website"},"primaryImageOfPage":{"@id":"https:\/\/www.talsoft-security.com\/site\/auditoria-seguridad-sin-costo\/#primaryimage"},"image":{"@id":"https:\/\/www.talsoft-security.com\/site\/auditoria-seguridad-sin-costo\/#primaryimage"},"thumbnailUrl":"https:\/\/www.talsoft-security.com\/site\/wp-content\/uploads\/2017\/10\/imageFinal6.png","datePublished":"2017-10-02T15:53:28+00:00","dateModified":"2017-10-24T19:39:12+00:00","description":"Talsoft transforma la visi\u00f3n de las empresas para que puedan proteger su informaci\u00f3n cr\u00edtica y confidencial frente ataques inform\u00e1ticos. Cons\u00faltenos sin cargo.","inLanguage":"en-GB","potentialAction":[{"@type":"ReadAction","target":["https:\/\/www.talsoft-security.com\/site\/auditoria-seguridad-sin-costo\/"]}]},{"@type":"ImageObject","inLanguage":"en-GB","@id":"https:\/\/www.talsoft-security.com\/site\/auditoria-seguridad-sin-costo\/#primaryimage","url":"https:\/\/www.talsoft-security.com\/site\/wp-content\/uploads\/2017\/10\/imageFinal6.png","contentUrl":"https:\/\/www.talsoft-security.com\/site\/wp-content\/uploads\/2017\/10\/imageFinal6.png","width":949,"height":443},{"@type":"WebSite","@id":"https:\/\/www.talsoft-security.com\/site\/#website","url":"https:\/\/www.talsoft-security.com\/site\/","name":"TalSoft TS - Services IT Security","description":"Talsoft is transforming awareness, control and decision-making power so that companies can protect their critical and confidential information from computer attacks.","publisher":{"@id":"https:\/\/www.talsoft-security.com\/site\/#organization"},"potentialAction":[{"@type":"SearchAction","target":{"@type":"EntryPoint","urlTemplate":"https:\/\/www.talsoft-security.com\/site\/?s={search_term_string}"},"query-input":{"@type":"PropertyValueSpecification","valueRequired":true,"valueName":"search_term_string"}}],"inLanguage":"en-GB"},{"@type":"Organization","@id":"https:\/\/www.talsoft-security.com\/site\/#organization","name":"Talsoft TS","url":"https:\/\/www.talsoft-security.com\/site\/","logo":{"@type":"ImageObject","inLanguage":"en-GB","@id":"https:\/\/www.talsoft-security.com\/site\/#\/schema\/logo\/image\/","url":"https:\/\/www.talsoft-security.com\/site\/wp-content\/uploads\/2014\/02\/talsoft_logo_270x125.png","contentUrl":"https:\/\/www.talsoft-security.com\/site\/wp-content\/uploads\/2014\/02\/talsoft_logo_270x125.png","width":270,"height":125,"caption":"Talsoft TS"},"image":{"@id":"https:\/\/www.talsoft-security.com\/site\/#\/schema\/logo\/image\/"},"sameAs":["http:\/\/www.facebook.com\/talsoftsrl","https:\/\/x.com\/talsoft"]}]}},"_links":{"self":[{"href":"https:\/\/www.talsoft-security.com\/site\/wp-json\/wp\/v2\/pages\/4245","targetHints":{"allow":["GET"]}}],"collection":[{"href":"https:\/\/www.talsoft-security.com\/site\/wp-json\/wp\/v2\/pages"}],"about":[{"href":"https:\/\/www.talsoft-security.com\/site\/wp-json\/wp\/v2\/types\/page"}],"author":[{"embeddable":true,"href":"https:\/\/www.talsoft-security.com\/site\/wp-json\/wp\/v2\/users\/3"}],"replies":[{"embeddable":true,"href":"https:\/\/www.talsoft-security.com\/site\/wp-json\/wp\/v2\/comments?post=4245"}],"version-history":[{"count":34,"href":"https:\/\/www.talsoft-security.com\/site\/wp-json\/wp\/v2\/pages\/4245\/revisions"}],"predecessor-version":[{"id":4376,"href":"https:\/\/www.talsoft-security.com\/site\/wp-json\/wp\/v2\/pages\/4245\/revisions\/4376"}],"wp:attachment":[{"href":"https:\/\/www.talsoft-security.com\/site\/wp-json\/wp\/v2\/media?parent=4245"}],"curies":[{"name":"wp","href":"https:\/\/api.w.org\/{rel}","templated":true}]}}